{"id":225,"date":"2026-03-25T18:08:14","date_gmt":"2026-03-25T18:08:14","guid":{"rendered":"https:\/\/parking.tecnova.ca\/?page_id=225"},"modified":"2026-04-15T15:22:36","modified_gmt":"2026-04-15T15:22:36","slug":"contactez-nous","status":"publish","type":"page","link":"https:\/\/parking.tecnova.ca\/en\/contactez-nous\/","title":{"rendered":"Contact Us"},"content":{"rendered":"\t\t<div data-elementor-type=\"wp-page\" data-elementor-id=\"225\" class=\"elementor elementor-225\" data-elementor-post-type=\"page\">\n\t\t\t\t<div class=\"elementor-element elementor-element-13f89cd e-con-full e-flex elementor-invisible e-con e-parent\" data-id=\"13f89cd\" data-element_type=\"container\" data-e-type=\"container\" data-settings=\"{&quot;animation&quot;:&quot;fadeInDown&quot;}\">\n\t\t<div class=\"elementor-element elementor-element-e72a9bc e-con-full e-flex e-con e-child\" data-id=\"e72a9bc\" data-element_type=\"container\" data-e-type=\"container\">\n\t\t\t\t<div class=\"elementor-element elementor-element-98525ac elementor-widget elementor-widget-text-editor\" data-id=\"98525ac\" data-element_type=\"widget\" data-e-type=\"widget\" data-widget_type=\"text-editor.default\">\n\t\t\t\t\t\t\t\t\t<p>Contactez-nous<\/p>\t\t\t\t\t\t\t\t<\/div>\n\t\t\t\t<div class=\"elementor-element elementor-element-20108ca elementor-widget elementor-widget-text-editor\" data-id=\"20108ca\" data-element_type=\"widget\" data-e-type=\"widget\" data-widget_type=\"text-editor.default\">\n\t\t\t\t\t\t\t\t\t<p>Notre \u00e9quipe est \u00e0 votre disposition pour r\u00e9pondre \u00e0 vos questions et discuter de vos<br \/>besoins en gestion de stationnement.<\/p>\t\t\t\t\t\t\t\t<\/div>\n\t\t\t\t<\/div>\n\t\t\t\t<\/div>\n\t\t<div class=\"elementor-element elementor-element-0a54627 e-con-full e-flex elementor-invisible e-con e-parent\" data-id=\"0a54627\" data-element_type=\"container\" data-e-type=\"container\" data-settings=\"{&quot;animation&quot;:&quot;fadeInDown&quot;}\">\n\t\t<div class=\"elementor-element elementor-element-c935b68 e-con-full e-flex e-con e-child\" data-id=\"c935b68\" data-element_type=\"container\" data-e-type=\"container\">\n\t\t<div class=\"elementor-element elementor-element-e189141 e-con-full e-flex e-con e-child\" data-id=\"e189141\" data-element_type=\"container\" data-e-type=\"container\">\n\t\t\t\t<div class=\"elementor-element elementor-element-538e2d9 elementor-view-default elementor-widget elementor-widget-icon\" data-id=\"538e2d9\" data-element_type=\"widget\" data-e-type=\"widget\" data-widget_type=\"icon.default\">\n\t\t\t\t\t\t\t<div class=\"elementor-icon-wrapper\">\n\t\t\t<div class=\"elementor-icon\">\n\t\t\t<svg xmlns=\"http:\/\/www.w3.org\/2000\/svg\" width=\"64\" height=\"64\" viewBox=\"0 0 64 64\" fill=\"none\"><rect width=\"64\" height=\"64\" rx=\"32\" fill=\"#FAFAFA\" fill-opacity=\"0.05\"><\/rect><path d=\"M42 36.9201V39.9201C42.0011 40.1986 41.9441 40.4743 41.8325 40.7294C41.7209 40.9846 41.5573 41.2137 41.3521 41.402C41.1468 41.5902 40.9046 41.7336 40.6407 41.8228C40.3769 41.912 40.0974 41.9452 39.82 41.9201C36.7428 41.5857 33.787 40.5342 31.19 38.8501C28.7738 37.3148 26.7253 35.2663 25.19 32.8501C23.5 30.2413 22.4482 27.2711 22.12 24.1801C22.095 23.9036 22.1279 23.6249 22.2165 23.3617C22.3051 23.0986 22.4476 22.8568 22.6348 22.6517C22.822 22.4466 23.0498 22.2828 23.3038 22.1706C23.5578 22.0584 23.8323 22.0004 24.11 22.0001H27.11C27.5953 21.9953 28.0658 22.1672 28.4338 22.4836C28.8017 22.8001 29.0421 23.2395 29.11 23.7201C29.2366 24.6802 29.4714 25.6228 29.81 26.5301C29.9445 26.888 29.9737 27.277 29.8939 27.651C29.8141 28.0249 29.6289 28.3682 29.36 28.6401L28.09 29.9101C29.5135 32.4136 31.5864 34.4865 34.09 35.9101L35.36 34.6401C35.6319 34.3712 35.9751 34.1859 36.3491 34.1062C36.7231 34.0264 37.1121 34.0556 37.47 34.1901C38.3773 34.5286 39.3199 34.7635 40.28 34.8901C40.7658 34.9586 41.2094 35.2033 41.5265 35.5776C41.8437 35.9519 42.0122 36.4297 42 36.9201Z\" stroke=\"#FAFAFA\" stroke-opacity=\"0.8\" stroke-linecap=\"round\" stroke-linejoin=\"round\"><\/path><\/svg>\t\t\t<\/div>\n\t\t<\/div>\n\t\t\t\t\t\t<\/div>\n\t\t\t\t<div class=\"elementor-element elementor-element-692b484 elementor-widget elementor-widget-text-editor\" data-id=\"692b484\" data-element_type=\"widget\" data-e-type=\"widget\" data-widget_type=\"text-editor.default\">\n\t\t\t\t\t\t\t\t\t<p>T\u00e9l\u00e9phone<\/p>\t\t\t\t\t\t\t\t<\/div>\n\t\t\t\t<div class=\"elementor-element elementor-element-d94f949 elementor-widget elementor-widget-text-editor\" data-id=\"d94f949\" data-element_type=\"widget\" data-e-type=\"widget\" data-widget_type=\"text-editor.default\">\n\t\t\t\t\t\t\t\t\t<a href=\"514-721-2225\">514-721-2225<\/a>\t\t\t\t\t\t\t\t<\/div>\n\t\t\t\t<\/div>\n\t\t<div class=\"elementor-element elementor-element-d29be1e e-con-full e-flex e-con e-child\" data-id=\"d29be1e\" data-element_type=\"container\" data-e-type=\"container\">\n\t\t\t\t<div class=\"elementor-element elementor-element-9135458 elementor-view-default elementor-widget elementor-widget-icon\" data-id=\"9135458\" data-element_type=\"widget\" data-e-type=\"widget\" data-widget_type=\"icon.default\">\n\t\t\t\t\t\t\t<div class=\"elementor-icon-wrapper\">\n\t\t\t<div class=\"elementor-icon\">\n\t\t\t<svg xmlns=\"http:\/\/www.w3.org\/2000\/svg\" width=\"64\" height=\"64\" viewBox=\"0 0 64 64\" fill=\"none\"><rect width=\"64\" height=\"64\" rx=\"32\" fill=\"#FAFAFA\" fill-opacity=\"0.05\"><\/rect><path d=\"M40 24H24C22.8954 24 22 24.8954 22 26V38C22 39.1046 22.8954 40 24 40H40C41.1046 40 42 39.1046 42 38V26C42 24.8954 41.1046 24 40 24Z\" stroke=\"#FAFAFA\" stroke-opacity=\"0.8\" stroke-linecap=\"round\" stroke-linejoin=\"round\"><\/path><path d=\"M42 27L33.03 32.7C32.7213 32.8934 32.3643 32.996 32 32.996C31.6357 32.996 31.2787 32.8934 30.97 32.7L22 27\" stroke=\"#FAFAFA\" stroke-opacity=\"0.8\" stroke-linecap=\"round\" stroke-linejoin=\"round\"><\/path><\/svg>\t\t\t<\/div>\n\t\t<\/div>\n\t\t\t\t\t\t<\/div>\n\t\t\t\t<div class=\"elementor-element elementor-element-5b6b7d3 elementor-widget elementor-widget-text-editor\" data-id=\"5b6b7d3\" data-element_type=\"widget\" data-e-type=\"widget\" data-widget_type=\"text-editor.default\">\n\t\t\t\t\t\t\t\t\t<p>Email G\u00e9n\u00e9ral<\/p>\t\t\t\t\t\t\t\t<\/div>\n\t\t\t\t<div class=\"elementor-element elementor-element-41c0930 elementor-widget elementor-widget-text-editor\" data-id=\"41c0930\" data-element_type=\"widget\" data-e-type=\"widget\" data-widget_type=\"text-editor.default\">\n\t\t\t\t\t\t\t\t\t<a href=\"mailto:info@vipvalet.ca\">info@vipvalet.ca<\/a>\t\t\t\t\t\t\t\t<\/div>\n\t\t\t\t<\/div>\n\t\t<div class=\"elementor-element elementor-element-afb984f e-con-full e-flex e-con e-child\" data-id=\"afb984f\" data-element_type=\"container\" data-e-type=\"container\">\n\t\t\t\t<div class=\"elementor-element elementor-element-36fb6fc elementor-view-default elementor-widget elementor-widget-icon\" data-id=\"36fb6fc\" data-element_type=\"widget\" data-e-type=\"widget\" data-widget_type=\"icon.default\">\n\t\t\t\t\t\t\t<div class=\"elementor-icon-wrapper\">\n\t\t\t<div class=\"elementor-icon\">\n\t\t\t<svg xmlns=\"http:\/\/www.w3.org\/2000\/svg\" width=\"64\" height=\"64\" viewBox=\"0 0 64 64\" fill=\"none\"><rect width=\"64\" height=\"64\" rx=\"32\" fill=\"#FAFAFA\" fill-opacity=\"0.05\"><\/rect><path d=\"M40 24H24C22.8954 24 22 24.8954 22 26V38C22 39.1046 22.8954 40 24 40H40C41.1046 40 42 39.1046 42 38V26C42 24.8954 41.1046 24 40 24Z\" stroke=\"#FAFAFA\" stroke-opacity=\"0.8\" stroke-linecap=\"round\" stroke-linejoin=\"round\"><\/path><path d=\"M42 27L33.03 32.7C32.7213 32.8934 32.3643 32.996 32 32.996C31.6357 32.996 31.2787 32.8934 30.97 32.7L22 27\" stroke=\"#FAFAFA\" stroke-opacity=\"0.8\" stroke-linecap=\"round\" stroke-linejoin=\"round\"><\/path><\/svg>\t\t\t<\/div>\n\t\t<\/div>\n\t\t\t\t\t\t<\/div>\n\t\t\t\t<div class=\"elementor-element elementor-element-8334c40 elementor-widget elementor-widget-text-editor\" data-id=\"8334c40\" data-element_type=\"widget\" data-e-type=\"widget\" data-widget_type=\"text-editor.default\">\n\t\t\t\t\t\t\t\t\t<p>Ventes<\/p>\t\t\t\t\t\t\t\t<\/div>\n\t\t\t\t<div class=\"elementor-element elementor-element-6b84d3c elementor-widget elementor-widget-text-editor\" data-id=\"6b84d3c\" data-element_type=\"widget\" data-e-type=\"widget\" data-widget_type=\"text-editor.default\">\n\t\t\t\t\t\t\t\t\t<a href=\"mailto:sales@vipvalet.ca\">sales@vipvalet.ca<\/a>\t\t\t\t\t\t\t\t<\/div>\n\t\t\t\t<\/div>\n\t\t<div class=\"elementor-element elementor-element-27a0a05 e-con-full e-flex e-con e-child\" data-id=\"27a0a05\" data-element_type=\"container\" data-e-type=\"container\">\n\t\t\t\t<div class=\"elementor-element elementor-element-59f8c73 elementor-view-default elementor-widget elementor-widget-icon\" data-id=\"59f8c73\" data-element_type=\"widget\" data-e-type=\"widget\" data-widget_type=\"icon.default\">\n\t\t\t\t\t\t\t<div class=\"elementor-icon-wrapper\">\n\t\t\t<div class=\"elementor-icon\">\n\t\t\t<svg xmlns=\"http:\/\/www.w3.org\/2000\/svg\" width=\"64\" height=\"64\" viewBox=\"0 0 64 64\" fill=\"none\"><rect width=\"64\" height=\"64\" rx=\"32\" fill=\"#FAFAFA\" fill-opacity=\"0.05\"><\/rect><path d=\"M32 42C37.5228 42 42 37.5228 42 32C42 26.4772 37.5228 22 32 22C26.4772 22 22 26.4772 22 32C22 37.5228 26.4772 42 32 42Z\" stroke=\"#FAFAFA\" stroke-opacity=\"0.8\" stroke-linecap=\"round\" stroke-linejoin=\"round\"><\/path><path d=\"M32 26V32L36 34\" stroke=\"#FAFAFA\" stroke-opacity=\"0.8\" stroke-linecap=\"round\" stroke-linejoin=\"round\"><\/path><\/svg>\t\t\t<\/div>\n\t\t<\/div>\n\t\t\t\t\t\t<\/div>\n\t\t\t\t<div class=\"elementor-element elementor-element-b372ff0 elementor-widget elementor-widget-text-editor\" data-id=\"b372ff0\" data-element_type=\"widget\" data-e-type=\"widget\" data-widget_type=\"text-editor.default\">\n\t\t\t\t\t\t\t\t\t<p>Heures d&rsquo;ouverture<\/p>\t\t\t\t\t\t\t\t<\/div>\n\t\t\t\t<div class=\"elementor-element elementor-element-d966450 elementor-widget elementor-widget-text-editor\" data-id=\"d966450\" data-element_type=\"widget\" data-e-type=\"widget\" data-widget_type=\"text-editor.default\">\n\t\t\t\t\t\t\t\t\t<p>Lundi &#8211; Vendredi<br \/>9h00 &#8211; 18h00<\/p>\t\t\t\t\t\t\t\t<\/div>\n\t\t\t\t<\/div>\n\t\t\t\t<\/div>\n\t\t\t\t<\/div>\n\t\t<div class=\"elementor-element elementor-element-61e440b e-con-full e-flex elementor-invisible e-con e-parent\" data-id=\"61e440b\" data-element_type=\"container\" data-e-type=\"container\" data-settings=\"{&quot;animation&quot;:&quot;fadeInUp&quot;}\">\n\t\t<div class=\"elementor-element elementor-element-96f3578 e-con-full e-flex e-con e-child\" data-id=\"96f3578\" data-element_type=\"container\" data-e-type=\"container\">\n\t\t<div class=\"elementor-element elementor-element-238705f e-con-full e-flex e-con e-child\" data-id=\"238705f\" data-element_type=\"container\" data-e-type=\"container\" data-settings=\"{&quot;animation&quot;:&quot;none&quot;}\">\n\t\t\t\t<div class=\"elementor-element elementor-element-bde1271 elementor-widget elementor-widget-text-editor\" data-id=\"bde1271\" data-element_type=\"widget\" data-e-type=\"widget\" data-widget_type=\"text-editor.default\">\n\t\t\t\t\t\t\t\t\t<p>Envoyez-nous un message<\/p>\t\t\t\t\t\t\t\t<\/div>\n\t\t\t\t<div class=\"elementor-element elementor-element-3617d3d elementor-button-align-stretch elementor-widget elementor-widget-form\" data-id=\"3617d3d\" data-element_type=\"widget\" data-e-type=\"widget\" data-settings=\"{&quot;step_next_label&quot;:&quot;Suivant&quot;,&quot;step_previous_label&quot;:&quot;Pr\\u00e9c\\u00e9dent&quot;,&quot;button_width&quot;:&quot;100&quot;,&quot;step_type&quot;:&quot;number_text&quot;,&quot;step_icon_shape&quot;:&quot;circle&quot;}\" data-widget_type=\"form.default\">\n\t\t\t\t\t\t\t<form class=\"elementor-form\" method=\"post\" name=\"Nouveau formulaire\" aria-label=\"Nouveau formulaire\">\n\t\t\t<input type=\"hidden\" name=\"post_id\" value=\"225\"\/>\n\t\t\t<input type=\"hidden\" name=\"form_id\" value=\"3617d3d\"\/>\n\t\t\t<input type=\"hidden\" name=\"referer_title\" value=\"\" \/>\n\n\t\t\t\n\t\t\t<div class=\"elementor-form-fields-wrapper elementor-labels-above\">\n\t\t\t\t\t\t\t\t<div class=\"elementor-field-type-text elementor-field-group elementor-column elementor-field-group-name elementor-col-100 elementor-field-required elementor-mark-required\">\n\t\t\t\t\t\t\t\t\t\t\t\t<label for=\"form-field-name\" class=\"elementor-field-label\">\n\t\t\t\t\t\t\t\tNom complet\t\t\t\t\t\t\t<\/label>\n\t\t\t\t\t\t\t\t\t\t\t\t\t\t<input size=\"1\" type=\"text\" name=\"form_fields[name]\" id=\"form-field-name\" class=\"elementor-field elementor-size-sm  elementor-field-textual\" required=\"required\">\n\t\t\t\t\t\t\t\t\t\t\t<\/div>\n\t\t\t\t\t\t\t\t<div class=\"elementor-field-type-email elementor-field-group elementor-column elementor-field-group-email elementor-col-100 elementor-field-required elementor-mark-required\">\n\t\t\t\t\t\t\t\t\t\t\t\t<label for=\"form-field-email\" class=\"elementor-field-label\">\n\t\t\t\t\t\t\t\tE-mail\t\t\t\t\t\t\t<\/label>\n\t\t\t\t\t\t\t\t\t\t\t\t\t\t<input size=\"1\" type=\"email\" name=\"form_fields[email]\" id=\"form-field-email\" class=\"elementor-field elementor-size-sm  elementor-field-textual\" required=\"required\">\n\t\t\t\t\t\t\t\t\t\t\t<\/div>\n\t\t\t\t\t\t\t\t<div class=\"elementor-field-type-tel elementor-field-group elementor-column elementor-field-group-message elementor-col-100\">\n\t\t\t\t\t\t\t\t\t\t\t\t<label for=\"form-field-message\" class=\"elementor-field-label\">\n\t\t\t\t\t\t\t\tT\u00e9l\u00e9phone\t\t\t\t\t\t\t<\/label>\n\t\t\t\t\t\t\t\t<input size=\"1\" type=\"tel\" name=\"form_fields[message]\" id=\"form-field-message\" class=\"elementor-field elementor-size-sm  elementor-field-textual\" pattern=\"[0-9()#&amp;+*-=.]+\" title=\"Only numbers and phone characters (#, -, *, etc) are accepted.\">\n\n\t\t\t\t\t\t<\/div>\n\t\t\t\t\t\t\t\t<div class=\"elementor-field-type-text elementor-field-group elementor-column elementor-field-group-field_155a448 elementor-col-100 elementor-field-required elementor-mark-required\">\n\t\t\t\t\t\t\t\t\t\t\t\t<label for=\"form-field-field_155a448\" class=\"elementor-field-label\">\n\t\t\t\t\t\t\t\tSujet\t\t\t\t\t\t\t<\/label>\n\t\t\t\t\t\t\t\t\t\t\t\t\t\t<input size=\"1\" type=\"text\" name=\"form_fields[field_155a448]\" id=\"form-field-field_155a448\" class=\"elementor-field elementor-size-sm  elementor-field-textual\" required=\"required\">\n\t\t\t\t\t\t\t\t\t\t\t<\/div>\n\t\t\t\t\t\t\t\t<div class=\"elementor-field-type-textarea elementor-field-group elementor-column elementor-field-group-field_056ea2d elementor-col-100 elementor-field-required elementor-mark-required\">\n\t\t\t\t\t\t\t\t\t\t\t\t<label for=\"form-field-field_056ea2d\" class=\"elementor-field-label\">\n\t\t\t\t\t\t\t\tMessage\t\t\t\t\t\t\t<\/label>\n\t\t\t\t\t\t<textarea class=\"elementor-field-textual elementor-field  elementor-size-sm\" name=\"form_fields[field_056ea2d]\" id=\"form-field-field_056ea2d\" rows=\"6\" required=\"required\"><\/textarea>\t\t\t\t<\/div>\n\t\t\t\t\t\t\t\t<div class=\"elementor-field-type-text\">\n\t\t\t\t\t<input size=\"1\" type=\"text\" name=\"form_fields[field_eeb719b]\" id=\"form-field-field_eeb719b\" class=\"elementor-field elementor-size-sm \" style=\"display:none !important;\">\t\t\t\t<\/div>\n\t\t\t\t\t\t\t\t<div class=\"elementor-field-group elementor-column elementor-field-type-submit elementor-col-100 e-form__buttons\">\n\t\t\t\t\t<button class=\"elementor-button elementor-size-sm\" type=\"submit\">\n\t\t\t\t\t\t<span class=\"elementor-button-content-wrapper\">\n\t\t\t\t\t\t\t\t\t\t\t\t\t\t\t\t\t\t\t\t\t\t<span class=\"elementor-button-text\">Envoyer le message<\/span>\n\t\t\t\t\t\t\t\t\t\t\t\t\t<\/span>\n\t\t\t\t\t<\/button>\n\t\t\t\t<\/div>\n\t\t\t<\/div>\n\t\t<\/form>\n\t\t\t\t\t\t<\/div>\n\t\t\t\t<\/div>\n\t\t<div class=\"elementor-element elementor-element-aee4983 e-con-full e-flex e-con e-child\" data-id=\"aee4983\" data-element_type=\"container\" data-e-type=\"container\" data-settings=\"{&quot;animation&quot;:&quot;none&quot;}\">\n\t\t\t\t<div class=\"elementor-element elementor-element-42aea7f elementor-widget elementor-widget-text-editor\" data-id=\"42aea7f\" data-element_type=\"widget\" data-e-type=\"widget\" data-widget_type=\"text-editor.default\">\n\t\t\t\t\t\t\t\t\t<p>Notre emplacement<\/p>\t\t\t\t\t\t\t\t<\/div>\n\t\t<div class=\"elementor-element elementor-element-0565aa5 e-con-full e-flex e-con e-child\" data-id=\"0565aa5\" data-element_type=\"container\" data-e-type=\"container\">\n\t\t\t\t<div class=\"elementor-element elementor-element-09dfee8 elementor-view-default elementor-widget elementor-widget-icon\" data-id=\"09dfee8\" data-element_type=\"widget\" data-e-type=\"widget\" data-widget_type=\"icon.default\">\n\t\t\t\t\t\t\t<div class=\"elementor-icon-wrapper\">\n\t\t\t<div class=\"elementor-icon\">\n\t\t\t<svg xmlns=\"http:\/\/www.w3.org\/2000\/svg\" width=\"48\" height=\"48\" viewBox=\"0 0 48 48\" fill=\"none\"><path d=\"M32 22C32 26.993 26.461 32.193 24.601 33.799C24.4277 33.9293 24.2168 33.9998 24 33.9998C23.7832 33.9998 23.5723 33.9293 23.399 33.799C21.539 32.193 16 26.993 16 22C16 19.8783 16.8429 17.8434 18.3431 16.3431C19.8434 14.8429 21.8783 14 24 14C26.1217 14 28.1566 14.8429 29.6569 16.3431C31.1571 17.8434 32 19.8783 32 22Z\" stroke=\"#FAFAFA\" stroke-opacity=\"0.8\" stroke-linecap=\"round\" stroke-linejoin=\"round\"><\/path><path d=\"M24 25C25.6569 25 27 23.6569 27 22C27 20.3431 25.6569 19 24 19C22.3431 19 21 20.3431 21 22C21 23.6569 22.3431 25 24 25Z\" stroke=\"#FAFAFA\" stroke-opacity=\"0.8\" stroke-linecap=\"round\" stroke-linejoin=\"round\"><\/path><\/svg>\t\t\t<\/div>\n\t\t<\/div>\n\t\t\t\t\t\t<\/div>\n\t\t\t\t<div class=\"elementor-element elementor-element-6ad5d1c elementor-widget elementor-widget-text-editor\" data-id=\"6ad5d1c\" data-element_type=\"widget\" data-e-type=\"widget\" data-widget_type=\"text-editor.default\">\n\t\t\t\t\t\t\t\t\t<p>6424 Jean-Talon St E #228<br \/>Saint-L\u00e9onard, Qu\u00e9bec H1S 1M8<br \/>Canada<\/p>\t\t\t\t\t\t\t\t<\/div>\n\t\t\t\t<\/div>\n\t\t\t\t<div class=\"elementor-element elementor-element-ef46101 elementor-widget elementor-widget-google_maps\" data-id=\"ef46101\" data-element_type=\"widget\" data-e-type=\"widget\" data-widget_type=\"google_maps.default\">\n\t\t\t\t\t\t\t<div class=\"elementor-custom-embed\">\n\t\t\t<iframe loading=\"lazy\"\n\t\t\t\t\tsrc=\"https:\/\/maps.google.com\/maps?q=6424%20Jean-Talon%20St%20E%20%23228%2C%20Saint-L%C3%A9onard%2C%20Qu%C3%A9bec%20H1S%201M8%2C%20Canada&#038;t=m&#038;z=10&#038;output=embed&#038;iwloc=near\"\n\t\t\t\t\ttitle=\"6424 Jean-Talon St E #228, Saint-L\u00e9onard, Qu\u00e9bec H1S 1M8, Canada\"\n\t\t\t\t\taria-label=\"6424 Jean-Talon St E #228, Saint-L\u00e9onard, Qu\u00e9bec H1S 1M8, Canada\"\n\t\t\t><\/iframe>\n\t\t<\/div>\n\t\t\t\t\t\t<\/div>\n\t\t\t\t<\/div>\n\t\t\t\t<\/div>\n\t\t\t\t<\/div>\n\t\t<div class=\"elementor-element elementor-element-ca9de61 e-con-full e-flex elementor-invisible e-con e-parent\" data-id=\"ca9de61\" data-element_type=\"container\" data-e-type=\"container\" data-settings=\"{&quot;animation&quot;:&quot;fadeInUp&quot;}\">\n\t\t<div class=\"elementor-element elementor-element-fd13a77 e-con-full e-flex e-con e-child\" data-id=\"fd13a77\" data-element_type=\"container\" data-e-type=\"container\">\n\t\t\t\t<div class=\"elementor-element elementor-element-6a01934 elementor-widget elementor-widget-text-editor\" data-id=\"6a01934\" data-element_type=\"widget\" data-e-type=\"widget\" data-widget_type=\"text-editor.default\">\n\t\t\t\t\t\t\t\t\t<p>Besoin d&rsquo;un devis rapide?<\/p>\t\t\t\t\t\t\t\t<\/div>\n\t\t<div class=\"elementor-element elementor-element-9c8c780 e-con-full e-flex e-con e-child\" data-id=\"9c8c780\" data-element_type=\"container\" data-e-type=\"container\">\n\t\t\t\t<div class=\"elementor-element elementor-element-08df1e9 elementor-widget elementor-widget-text-editor\" data-id=\"08df1e9\" data-element_type=\"widget\" data-e-type=\"widget\" data-widget_type=\"text-editor.default\">\n\t\t\t\t\t\t\t\t\t<p>Obtenez une estimation personnalis\u00e9e en quelques minutes via notre formulaire de soumission en ligne.<\/p>\t\t\t\t\t\t\t\t<\/div>\n\t\t\t\t<\/div>\n\t\t\t\t<div class=\"elementor-element elementor-element-e40bc15 elementor-align-center elementor-widget elementor-widget-button\" data-id=\"e40bc15\" data-element_type=\"widget\" data-e-type=\"widget\" data-widget_type=\"button.default\">\n\t\t\t\t\t\t\t\t\t\t<a class=\"elementor-button elementor-button-link elementor-size-sm\" href=\"https:\/\/parking.tecnova.ca\/soumission\/\">\n\t\t\t\t\t\t<span class=\"elementor-button-content-wrapper\">\n\t\t\t\t\t\t\t\t\t<span class=\"elementor-button-text\">Demander une soumission<\/span>\n\t\t\t\t\t<\/span>\n\t\t\t\t\t<\/a>\n\t\t\t\t\t\t\t\t<\/div>\n\t\t\t\t<\/div>\n\t\t\t\t<\/div>\n\t\t\t\t<\/div>\n\t\t","protected":false},"excerpt":{"rendered":"<p>Contactez-nous Notre \u00e9quipe est \u00e0 votre disposition pour r\u00e9pondre \u00e0 vos questions et discuter de vosbesoins en gestion de stationnement. T\u00e9l\u00e9phone 514-721-2225 Email G\u00e9n\u00e9ral info@vipvalet.ca Ventes sales@vipvalet.ca Heures d&rsquo;ouverture Lundi &#8211; Vendredi9h00 &#8211; 18h00 Envoyez-nous un message Notre emplacement 6424 Jean-Talon St E #228Saint-L\u00e9onard, Qu\u00e9bec H1S 1M8Canada Besoin d&rsquo;un devis rapide? Obtenez une estimation personnalis\u00e9e [&hellip;]<\/p>\n","protected":false},"author":1,"featured_media":0,"parent":0,"menu_order":0,"comment_status":"closed","ping_status":"closed","template":"","meta":{"_acf_changed":false,"footnotes":""},"class_list":["post-225","page","type-page","status-publish","hentry"],"acf":[],"_links":{"self":[{"href":"https:\/\/parking.tecnova.ca\/en\/wp-json\/wp\/v2\/pages\/225","targetHints":{"allow":["GET"]}}],"collection":[{"href":"https:\/\/parking.tecnova.ca\/en\/wp-json\/wp\/v2\/pages"}],"about":[{"href":"https:\/\/parking.tecnova.ca\/en\/wp-json\/wp\/v2\/types\/page"}],"author":[{"embeddable":true,"href":"https:\/\/parking.tecnova.ca\/en\/wp-json\/wp\/v2\/users\/1"}],"replies":[{"embeddable":true,"href":"https:\/\/parking.tecnova.ca\/en\/wp-json\/wp\/v2\/comments?post=225"}],"version-history":[{"count":49,"href":"https:\/\/parking.tecnova.ca\/en\/wp-json\/wp\/v2\/pages\/225\/revisions"}],"predecessor-version":[{"id":1157,"href":"https:\/\/parking.tecnova.ca\/en\/wp-json\/wp\/v2\/pages\/225\/revisions\/1157"}],"wp:attachment":[{"href":"https:\/\/parking.tecnova.ca\/en\/wp-json\/wp\/v2\/media?parent=225"}],"curies":[{"name":"wp","href":"https:\/\/api.w.org\/{rel}","templated":true}]}}