{"id":267,"date":"2026-03-25T19:40:10","date_gmt":"2026-03-25T19:40:10","guid":{"rendered":"https:\/\/parking.tecnova.ca\/?page_id=267"},"modified":"2026-04-15T14:55:39","modified_gmt":"2026-04-15T14:55:39","slug":"soumission","status":"publish","type":"page","link":"https:\/\/parking.tecnova.ca\/en\/soumission\/","title":{"rendered":"Quote"},"content":{"rendered":"\t\t<div data-elementor-type=\"wp-page\" data-elementor-id=\"267\" class=\"elementor elementor-267\" data-elementor-post-type=\"page\">\n\t\t\t\t<div class=\"elementor-element elementor-element-23986af e-con-full e-flex elementor-invisible e-con e-parent\" data-id=\"23986af\" data-element_type=\"container\" data-e-type=\"container\" data-settings=\"{&quot;animation&quot;:&quot;fadeInDown&quot;}\">\n\t\t<div class=\"elementor-element elementor-element-242d1a7 e-con-full e-flex e-con e-child\" data-id=\"242d1a7\" data-element_type=\"container\" data-e-type=\"container\">\n\t\t\t\t<div class=\"elementor-element elementor-element-e092934 elementor-widget elementor-widget-text-editor\" data-id=\"e092934\" data-element_type=\"widget\" data-e-type=\"widget\" data-widget_type=\"text-editor.default\">\n\t\t\t\t\t\t\t\t\t<p>Demandez une soumission<\/p>\t\t\t\t\t\t\t\t<\/div>\n\t\t\t\t<div class=\"elementor-element elementor-element-f4e9a63 elementor-widget elementor-widget-text-editor\" data-id=\"f4e9a63\" data-element_type=\"widget\" data-e-type=\"widget\" data-widget_type=\"text-editor.default\">\n\t\t\t\t\t\t\t\t\t<p>Obtenez un devis personnalis\u00e9 en quelques clics pour votre \u00e9v\u00e9nement.<\/p>\t\t\t\t\t\t\t\t<\/div>\n\t\t\t\t<\/div>\n\t\t\t\t<\/div>\n\t\t<div class=\"elementor-element elementor-element-caaf51c e-con-full e-flex elementor-invisible e-con e-parent\" data-id=\"caaf51c\" data-element_type=\"container\" data-e-type=\"container\" data-settings=\"{&quot;animation&quot;:&quot;fadeInUp&quot;}\">\n\t\t<div class=\"elementor-element elementor-element-2c36bf0 e-con-full e-flex e-con e-child\" data-id=\"2c36bf0\" data-element_type=\"container\" data-e-type=\"container\" data-settings=\"{&quot;background_background&quot;:&quot;classic&quot;}\">\n\t\t\t\t<div class=\"elementor-element elementor-element-6e7b70f elementor-widget elementor-widget-text-editor\" data-id=\"6e7b70f\" data-element_type=\"widget\" data-e-type=\"widget\" data-widget_type=\"text-editor.default\">\n\t\t\t\t\t\t\t\t\t<p>D\u00e9tails de l&rsquo;\u00e9v\u00e9nement<\/p>\t\t\t\t\t\t\t\t<\/div>\n\t\t\t\t<div class=\"elementor-element elementor-element-068db0e elementor-button-align-center elementor-widget elementor-widget-form\" data-id=\"068db0e\" data-element_type=\"widget\" data-e-type=\"widget\" data-settings=\"{&quot;step_next_label&quot;:&quot;Suivant&quot;,&quot;step_previous_label&quot;:&quot;Pr\\u00e9c\\u00e9dent&quot;,&quot;button_width&quot;:&quot;100&quot;,&quot;step_type&quot;:&quot;number_text&quot;,&quot;step_icon_shape&quot;:&quot;circle&quot;}\" data-widget_type=\"form.default\">\n\t\t\t\t\t\t\t<form class=\"elementor-form\" method=\"post\" name=\"\u00c9v\u00e9nement Formulare\" aria-label=\"\u00c9v\u00e9nement Formulare\">\n\t\t\t<input type=\"hidden\" name=\"post_id\" value=\"267\"\/>\n\t\t\t<input type=\"hidden\" name=\"form_id\" value=\"068db0e\"\/>\n\t\t\t<input type=\"hidden\" name=\"referer_title\" value=\"Soumission\" \/>\n\n\t\t\t\t\t\t\t<input type=\"hidden\" name=\"queried_id\" value=\"267\"\/>\n\t\t\t\n\t\t\t<div class=\"elementor-form-fields-wrapper elementor-labels-above\">\n\t\t\t\t\t\t\t\t<div class=\"elementor-field-type-select elementor-field-group elementor-column elementor-field-group-service_type elementor-col-50 elementor-field-required\">\n\t\t\t\t\t\t\t\t\t\t\t\t<label for=\"form-field-service_type\" class=\"elementor-field-label\">\n\t\t\t\t\t\t\t\tType d'\u00e9v\u00e9nement\t\t\t\t\t\t\t<\/label>\n\t\t\t\t\t\t\t\t<div class=\"elementor-field elementor-select-wrapper remove-before \">\n\t\t\t<div class=\"select-caret-down-wrapper\">\n\t\t\t\t<svg aria-hidden=\"true\" class=\"e-font-icon-svg e-eicon-caret-down\" viewBox=\"0 0 571.4 571.4\" xmlns=\"http:\/\/www.w3.org\/2000\/svg\"><path d=\"M571 393Q571 407 561 418L311 668Q300 679 286 679T261 668L11 418Q0 407 0 393T11 368 36 357H536Q550 357 561 368T571 393Z\"><\/path><\/svg>\t\t\t<\/div>\n\t\t\t<select name=\"form_fields[service_type]\" id=\"form-field-service_type\" class=\"elementor-field-textual elementor-size-sm\" required=\"required\">\n\t\t\t\t\t\t\t\t\t<option value=\"\u00c9v\u00e9nements Corporatifs\">\u00c9v\u00e9nements Corporatifs<\/option>\n\t\t\t\t\t\t\t\t\t<option value=\"Mariages &amp; \u00c9v\u00e9nements\">Mariages &amp; \u00c9v\u00e9nements<\/option>\n\t\t\t\t\t\t\t\t\t<option value=\"Lev\u00e9es de fonds\">Lev\u00e9es de fonds<\/option>\n\t\t\t\t\t\t\t\t\t<option value=\"Valet permanent\">Valet permanent<\/option>\n\t\t\t\t\t\t\t\t\t<option value=\"Gestion de stationnement\">Gestion de stationnement<\/option>\n\t\t\t\t\t\t\t\t\t<option value=\"Consultation\">Consultation<\/option>\n\t\t\t\t\t\t\t<\/select>\n\t\t<\/div>\n\t\t\t\t\t\t<\/div>\n\t\t\t\t\t\t\t\t<div class=\"elementor-field-type-text elementor-field-group elementor-column elementor-field-group-field_a6d11c3 elementor-col-50 elementor-field-required\">\n\t\t\t\t\t\t\t\t\t\t\t\t<label for=\"form-field-field_a6d11c3\" class=\"elementor-field-label\">\n\t\t\t\t\t\t\t\tNombre d'invit\u00e9s\t\t\t\t\t\t\t<\/label>\n\t\t\t\t\t\t\t\t\t\t\t\t\t\t<input size=\"1\" type=\"text\" name=\"form_fields[field_a6d11c3]\" id=\"form-field-field_a6d11c3\" class=\"elementor-field elementor-size-sm  elementor-field-textual\" placeholder=\"Ex: 200\" required=\"required\">\n\t\t\t\t\t\t\t\t\t\t\t<\/div>\n\t\t\t\t\t\t\t\t<div class=\"elementor-field-type-text elementor-field-group elementor-column elementor-field-group-cond_estimate_vehicule elementor-col-50 elementor-field-required\">\n\t\t\t\t\t\t\t\t\t\t\t\t<label for=\"form-field-cond_estimate_vehicule\" class=\"elementor-field-label\">\n\t\t\t\t\t\t\t\tEstimation de v\u00e9hicules\t\t\t\t\t\t\t<\/label>\n\t\t\t\t\t\t\t\t\t\t\t\t\t\t<input size=\"1\" type=\"text\" name=\"form_fields[cond_estimate_vehicule]\" id=\"form-field-cond_estimate_vehicule\" class=\"elementor-field elementor-size-sm  elementor-field-textual\" placeholder=\"Ex: 150\" required=\"required\">\n\t\t\t\t\t\t\t\t\t\t\t<\/div>\n\t\t\t\t\t\t\t\t<div class=\"elementor-field-type-text elementor-field-group elementor-column elementor-field-group-field_156ecd6 elementor-col-50 elementor-field-required\">\n\t\t\t\t\t\t\t\t\t\t\t\t<label for=\"form-field-field_156ecd6\" class=\"elementor-field-label\">\n\t\t\t\t\t\t\t\tDur\u00e9e du service (heures)\t\t\t\t\t\t\t<\/label>\n\t\t\t\t\t\t\t\t\t\t\t\t\t\t<input size=\"1\" type=\"text\" name=\"form_fields[field_156ecd6]\" id=\"form-field-field_156ecd6\" class=\"elementor-field elementor-size-sm  elementor-field-textual\" placeholder=\"Ex: 4\" required=\"required\">\n\t\t\t\t\t\t\t\t\t\t\t<\/div>\n\t\t\t\t\t\t\t\t<div class=\"elementor-field-type-date elementor-field-group elementor-column elementor-field-group-field_da9ca63 elementor-col-50 elementor-field-required\">\n\t\t\t\t\t\t\t\t\t\t\t\t<label for=\"form-field-field_da9ca63\" class=\"elementor-field-label\">\n\t\t\t\t\t\t\t\tDate de l'\u00e9v\u00e9nement\t\t\t\t\t\t\t<\/label>\n\t\t\t\t\t\t\n\t\t<input type=\"date\" name=\"form_fields[field_da9ca63]\" id=\"form-field-field_da9ca63\" class=\"elementor-field elementor-size-sm  elementor-field-textual elementor-date-field\" placeholder=\"mm\/dd\/yyyy\" required=\"required\" pattern=\"[0-9]{4}-[0-9]{2}-[0-9]{2}\">\n\t\t\t\t\t\t<\/div>\n\t\t\t\t\t\t\t\t<div class=\"elementor-field-type-time elementor-field-group elementor-column elementor-field-group-field_4b01ca6 elementor-col-50\">\n\t\t\t\t\t\t\t\t\t\t\t\t<label for=\"form-field-field_4b01ca6\" class=\"elementor-field-label\">\n\t\t\t\t\t\t\t\tHeure du d\u00e9but\t\t\t\t\t\t\t<\/label>\n\t\t\t\t\t\t\t\t<input type=\"time\" name=\"form_fields[field_4b01ca6]\" id=\"form-field-field_4b01ca6\" class=\"elementor-field elementor-size-sm  elementor-field-textual elementor-time-field\" placeholder=\"--:-- --\">\n\t\t\t\t\t\t<\/div>\n\t\t\t\t\t\t\t\t<div class=\"elementor-field-type-text elementor-field-group elementor-column elementor-field-group-field_a3d5053 elementor-col-100 elementor-field-required\">\n\t\t\t\t\t\t\t\t\t\t\t\t<label for=\"form-field-field_a3d5053\" class=\"elementor-field-label\">\n\t\t\t\t\t\t\t\tLocalisation\t\t\t\t\t\t\t<\/label>\n\t\t\t\t\t\t\t\t\t\t\t\t\t\t<input size=\"1\" type=\"text\" name=\"form_fields[field_a3d5053]\" id=\"form-field-field_a3d5053\" class=\"elementor-field elementor-size-sm  elementor-field-textual\" placeholder=\"Adresse compl\u00e8te du lieu\" required=\"required\">\n\t\t\t\t\t\t\t\t\t\t\t<\/div>\n\t\t\t\t\t\t\t\t<div class=\"elementor-field-type-textarea elementor-field-group elementor-column elementor-field-group-field_9df7041 elementor-col-100 elementor-field-required\">\n\t\t\t\t\t\t\t\t\t\t\t\t<label for=\"form-field-field_9df7041\" class=\"elementor-field-label\">\n\t\t\t\t\t\t\t\tExigences particuli\u00e8res\t\t\t\t\t\t\t<\/label>\n\t\t\t\t\t\t<textarea class=\"elementor-field-textual elementor-field  elementor-size-sm\" name=\"form_fields[field_9df7041]\" id=\"form-field-field_9df7041\" rows=\"4\" placeholder=\"D\u00e9crivez vos besoin sp\u00e9cifiques...\" required=\"required\"><\/textarea>\t\t\t\t<\/div>\n\t\t\t\t\t\t\t\t<div class=\"elementor-field-type-html elementor-field-group elementor-column elementor-field-group-field_30b092a elementor-col-100\">\n\t\t\t\t\t<p style=\"\n  font-family: 'Montserrat', sans-serif;\n  text-transform: uppercase;\n  font-size: 20px;\n  font-weight: 300;\n  line-height: 28px;\n  letter-spacing: 3px;\n  color: #FAFAFA;\nmargin: 24px 0px 0px 0px\n\">\n  Options Additionnelles\n<\/p>\t\t\t\t<\/div>\n\t\t\t\t\t\t\t\t<div class=\"elementor-field-type-checkbox elementor-field-group elementor-column elementor-field-group-field_afb9e38 elementor-col-100\">\n\t\t\t\t\t<div class=\"elementor-field-subgroup  \"><span class=\"elementor-field-option\"><input type=\"checkbox\" value=\"Ajouter un superviseur d\u00e9di\u00e9\" id=\"form-field-field_afb9e38-0\" name=\"form_fields[field_afb9e38]\"> <label for=\"form-field-field_afb9e38-0\">Ajouter un superviseur d\u00e9di\u00e9<\/label><\/span><\/div>\t\t\t\t<\/div>\n\t\t\t\t\t\t\t\t<div class=\"elementor-field-type-select elementor-field-group elementor-column elementor-field-group-field_aa1b31e elementor-col-100\">\n\t\t\t\t\t\t\t\t\t\t\t\t<label for=\"form-field-field_aa1b31e\" class=\"elementor-field-label\">\n\t\t\t\t\t\t\t\tAgents suppl\u00e9mentaires\t\t\t\t\t\t\t<\/label>\n\t\t\t\t\t\t\t\t<div class=\"elementor-field elementor-select-wrapper remove-before \">\n\t\t\t<div class=\"select-caret-down-wrapper\">\n\t\t\t\t<svg aria-hidden=\"true\" class=\"e-font-icon-svg e-eicon-caret-down\" viewBox=\"0 0 571.4 571.4\" xmlns=\"http:\/\/www.w3.org\/2000\/svg\"><path d=\"M571 393Q571 407 561 418L311 668Q300 679 286 679T261 668L11 418Q0 407 0 393T11 368 36 357H536Q550 357 561 368T571 393Z\"><\/path><\/svg>\t\t\t<\/div>\n\t\t\t<select name=\"form_fields[field_aa1b31e]\" id=\"form-field-field_aa1b31e\" class=\"elementor-field-textual elementor-size-sm\">\n\t\t\t\t\t\t\t\t\t<option value=\"Aucun\">Aucun<\/option>\n\t\t\t\t\t\t\t\t\t<option value=\"Option 1\">Option 1<\/option>\n\t\t\t\t\t\t\t\t\t<option value=\"Option 2\">Option 2<\/option>\n\t\t\t\t\t\t\t\t\t<option value=\"Option 3\">Option 3<\/option>\n\t\t\t\t\t\t\t<\/select>\n\t\t<\/div>\n\t\t\t\t\t\t<\/div>\n\t\t\t\t\t\t\t\t<div class=\"elementor-field-type-html elementor-field-group elementor-column elementor-field-group-field_076ab1e elementor-col-100\">\n\t\t\t\t\t<p style=\"\n  font-family: 'Montserrat', sans-serif;\n  text-transform: uppercase;\n  font-size: 20px;\n  font-weight: 300;\n  line-height: 28px;\n  letter-spacing: 3px;\n  color: #FAFAFA;\nmargin: 24px 0px 0px 0px\n\">\n  Vos coordonn\u00e9es\n<\/p>\t\t\t\t<\/div>\n\t\t\t\t\t\t\t\t<div class=\"elementor-field-type-text elementor-field-group elementor-column elementor-field-group-field_1351f49 elementor-col-100 elementor-field-required\">\n\t\t\t\t\t\t\t\t\t\t\t\t<label for=\"form-field-field_1351f49\" class=\"elementor-field-label\">\n\t\t\t\t\t\t\t\tNom complet\t\t\t\t\t\t\t<\/label>\n\t\t\t\t\t\t\t\t\t\t\t\t\t\t<input size=\"1\" type=\"text\" name=\"form_fields[field_1351f49]\" id=\"form-field-field_1351f49\" class=\"elementor-field elementor-size-sm  elementor-field-textual\" placeholder=\"Votre nom\" required=\"required\">\n\t\t\t\t\t\t\t\t\t\t\t<\/div>\n\t\t\t\t\t\t\t\t<div class=\"elementor-field-type-email elementor-field-group elementor-column elementor-field-group-field_21aaa38 elementor-col-50 elementor-field-required\">\n\t\t\t\t\t\t\t\t\t\t\t\t<label for=\"form-field-field_21aaa38\" class=\"elementor-field-label\">\n\t\t\t\t\t\t\t\tCourriel\t\t\t\t\t\t\t<\/label>\n\t\t\t\t\t\t\t\t\t\t\t\t\t\t<input size=\"1\" type=\"email\" name=\"form_fields[field_21aaa38]\" id=\"form-field-field_21aaa38\" class=\"elementor-field elementor-size-sm  elementor-field-textual\" placeholder=\"votre@email.com\" required=\"required\">\n\t\t\t\t\t\t\t\t\t\t\t<\/div>\n\t\t\t\t\t\t\t\t<div class=\"elementor-field-type-tel elementor-field-group elementor-column elementor-field-group-field_ef4e69b elementor-col-50 elementor-field-required\">\n\t\t\t\t\t\t\t\t\t\t\t\t<label for=\"form-field-field_ef4e69b\" class=\"elementor-field-label\">\n\t\t\t\t\t\t\t\tT\u00e9l\u00e9phone\t\t\t\t\t\t\t<\/label>\n\t\t\t\t\t\t\t\t<input size=\"1\" type=\"tel\" name=\"form_fields[field_ef4e69b]\" id=\"form-field-field_ef4e69b\" class=\"elementor-field elementor-size-sm  elementor-field-textual\" placeholder=\"(512) 555-0123\" required=\"required\" pattern=\"[0-9()#&amp;+*-=.]+\" title=\"Seuls les caract\u00e8res de num\u00e9ros de t\u00e9l\u00e9phone (#, -, *, etc.) sont accept\u00e9s.\">\n\n\t\t\t\t\t\t<\/div>\n\t\t\t\t\t\t\t\t<div class=\"elementor-field-type-text\">\n\t\t\t\t\t<input size=\"1\" type=\"text\" name=\"form_fields[field_23a88c2]\" id=\"form-field-field_23a88c2\" class=\"elementor-field elementor-size-sm \" style=\"display:none !important;\">\t\t\t\t<\/div>\n\t\t\t\t\t\t\t\t<div class=\"elementor-field-group elementor-column elementor-field-type-submit elementor-col-100 e-form__buttons\">\n\t\t\t\t\t<button class=\"elementor-button elementor-size-sm\" type=\"submit\">\n\t\t\t\t\t\t<span class=\"elementor-button-content-wrapper\">\n\t\t\t\t\t\t\t\t\t\t\t\t\t\t\t\t\t\t\t\t\t\t<span class=\"elementor-button-text\">Calculer le devis<\/span>\n\t\t\t\t\t\t\t\t\t\t\t\t\t<\/span>\n\t\t\t\t\t<\/button>\n\t\t\t\t<\/div>\n\t\t\t<\/div>\n\t\t<\/form>\n\t\t\t\t\t\t<\/div>\n\t\t\t\t<\/div>\n\t\t\t\t<\/div>\n\t\t\t\t<\/div>\n\t\t","protected":false},"excerpt":{"rendered":"<p>Demandez une soumission Obtenez un devis personnalis\u00e9 en quelques clics pour votre \u00e9v\u00e9nement. D\u00e9tails de l&rsquo;\u00e9v\u00e9nement<\/p>","protected":false},"author":1,"featured_media":0,"parent":0,"menu_order":0,"comment_status":"closed","ping_status":"closed","template":"","meta":{"_acf_changed":false,"footnotes":""},"class_list":["post-267","page","type-page","status-publish","hentry"],"acf":[],"_links":{"self":[{"href":"https:\/\/parking.tecnova.ca\/en\/wp-json\/wp\/v2\/pages\/267","targetHints":{"allow":["GET"]}}],"collection":[{"href":"https:\/\/parking.tecnova.ca\/en\/wp-json\/wp\/v2\/pages"}],"about":[{"href":"https:\/\/parking.tecnova.ca\/en\/wp-json\/wp\/v2\/types\/page"}],"author":[{"embeddable":true,"href":"https:\/\/parking.tecnova.ca\/en\/wp-json\/wp\/v2\/users\/1"}],"replies":[{"embeddable":true,"href":"https:\/\/parking.tecnova.ca\/en\/wp-json\/wp\/v2\/comments?post=267"}],"version-history":[{"count":37,"href":"https:\/\/parking.tecnova.ca\/en\/wp-json\/wp\/v2\/pages\/267\/revisions"}],"predecessor-version":[{"id":1153,"href":"https:\/\/parking.tecnova.ca\/en\/wp-json\/wp\/v2\/pages\/267\/revisions\/1153"}],"wp:attachment":[{"href":"https:\/\/parking.tecnova.ca\/en\/wp-json\/wp\/v2\/media?parent=267"}],"curies":[{"name":"wp","href":"https:\/\/api.w.org\/{rel}","templated":true}]}}